{"id":440,"date":"2023-11-17T12:41:08","date_gmt":"2023-11-17T11:41:08","guid":{"rendered":"https:\/\/www.hotel-johann.berlin\/2023\/?page_id=440"},"modified":"2026-02-25T15:15:52","modified_gmt":"2026-02-25T14:15:52","slug":"jobs","status":"publish","type":"page","link":"https:\/\/www.hotel-johann.berlin\/en\/jobs\/","title":{"rendered":"JOBS"},"content":{"rendered":"<div data-elementor-type=\"wp-page\" data-elementor-id=\"440\" class=\"elementor elementor-440\" data-elementor-post-type=\"page\">\n\t\t\t\t<div class=\"elementor-element elementor-element-7c70286b e-con-full e-flex e-con e-parent\" data-id=\"7c70286b\" data-element_type=\"container\" data-e-type=\"container\" data-settings=\"{&quot;background_background&quot;:&quot;classic&quot;}\">\n\t\t\t\t<div class=\"elementor-element elementor-element-b16d450 elementor-widget elementor-widget-heading\" data-id=\"b16d450\" data-element_type=\"widget\" data-e-type=\"widget\" data-widget_type=\"heading.default\">\n\t\t\t\t<div class=\"elementor-widget-container\">\n\t\t\t\t\t<h1 class=\"elementor-heading-title elementor-size-default\">JOBS<\/h1>\t\t\t\t<\/div>\n\t\t\t\t<\/div>\n\t\t\t\t<\/div>\n\t\t<div class=\"elementor-element elementor-element-e957980 e-flex e-con-boxed e-con e-parent\" data-id=\"e957980\" data-element_type=\"container\" data-e-type=\"container\">\n\t\t\t\t\t<div class=\"e-con-inner\">\n\t\t\t\t<div class=\"elementor-element elementor-element-362f49e elementor-widget__width-initial elementor-widget elementor-widget-text-editor\" data-id=\"362f49e\" data-element_type=\"widget\" data-e-type=\"widget\" data-widget_type=\"text-editor.default\">\n\t\t\t\t<div class=\"elementor-widget-container\">\n\t\t\t\t\t\t\t\t\t<p><strong>Wir suchen:<\/strong><\/p><p><span style=\"text-decoration: underline;\">Early Birds (m\/w\/d) f\u00fcr unser Fr\u00fchst\u00fccksbuffet<br \/><\/span>mit oder ohne Vorkenntnisse, 2x pro Woche 6 bis ca. 13 Uhr, auch am Wochenende f\u00fcr unser beliebtes Buffet, das wir t\u00e4glich mit Liebe und vielen Bio-Produkten f\u00fcr unsere G\u00e4ste zusammenstellen.<\/p><p><span style=\"text-decoration: underline;\">Mitarbeiterinnen (m\/w\/d) f\u00fcr die Zimmereinigung<br \/><\/span>gerne mit Erfahrung im Hotel und Freude am selbstst\u00e4ndigen Arbeiten, vormittags, auch am Wochenende.<\/p><p><strong>Interesse? Dann ruf uns an oder schreib uns eine Mail. Wir freuen uns auf dich!<\/strong><\/p><p>+49 30 2250740<br \/>+49 1520 2921775<br \/><a href=\"mailto:info@hotel-johann.berlin\">info@hotel-johann.berlin<\/a><\/p>\t\t\t\t\t\t\t\t<\/div>\n\t\t\t\t<\/div>\n\t\t\t\t\t<\/div>\n\t\t\t\t<\/div>\n\t\t\t\t<\/div>","protected":false},"excerpt":{"rendered":"<p>JOBS Wir suchen: Early Birds (m\/w\/d) f\u00fcr unser Fr\u00fchst\u00fccksbuffetmit oder ohne Vorkenntnisse, 2x pro Woche 6 bis ca. 13 Uhr, auch am Wochenende f\u00fcr unser beliebtes Buffet, das wir t\u00e4glich mit Liebe und vielen Bio-Produkten f\u00fcr unsere G\u00e4ste zusammenstellen. Mitarbeiterinnen (m\/w\/d) f\u00fcr die Zimmereinigunggerne mit Erfahrung im Hotel und Freude am selbstst\u00e4ndigen Arbeiten, vormittags, auch [&hellip;]<\/p>","protected":false},"author":1,"featured_media":0,"parent":0,"menu_order":0,"comment_status":"closed","ping_status":"closed","template":"","meta":{"footnotes":""},"class_list":["post-440","page","type-page","status-publish","hentry"],"_links":{"self":[{"href":"https:\/\/www.hotel-johann.berlin\/en\/wp-json\/wp\/v2\/pages\/440","targetHints":{"allow":["GET"]}}],"collection":[{"href":"https:\/\/www.hotel-johann.berlin\/en\/wp-json\/wp\/v2\/pages"}],"about":[{"href":"https:\/\/www.hotel-johann.berlin\/en\/wp-json\/wp\/v2\/types\/page"}],"author":[{"embeddable":true,"href":"https:\/\/www.hotel-johann.berlin\/en\/wp-json\/wp\/v2\/users\/1"}],"replies":[{"embeddable":true,"href":"https:\/\/www.hotel-johann.berlin\/en\/wp-json\/wp\/v2\/comments?post=440"}],"version-history":[{"count":31,"href":"https:\/\/www.hotel-johann.berlin\/en\/wp-json\/wp\/v2\/pages\/440\/revisions"}],"predecessor-version":[{"id":2490,"href":"https:\/\/www.hotel-johann.berlin\/en\/wp-json\/wp\/v2\/pages\/440\/revisions\/2490"}],"wp:attachment":[{"href":"https:\/\/www.hotel-johann.berlin\/en\/wp-json\/wp\/v2\/media?parent=440"}],"curies":[{"name":"wp","href":"https:\/\/api.w.org\/{rel}","templated":true}]}}