{"id":426,"date":"2023-11-17T12:08:55","date_gmt":"2023-11-17T11:08:55","guid":{"rendered":"https:\/\/www.hotel-johann.berlin\/2023\/?page_id=426"},"modified":"2026-03-11T12:50:42","modified_gmt":"2026-03-11T11:50:42","slug":"nachhaltigkeit","status":"publish","type":"page","link":"https:\/\/www.hotel-johann.berlin\/en\/nachhaltigkeit\/","title":{"rendered":"Nachhaltigkeit"},"content":{"rendered":"<div data-elementor-type=\"wp-page\" data-elementor-id=\"426\" class=\"elementor elementor-426\" data-elementor-post-type=\"page\">\n\t\t\t\t<div class=\"elementor-element elementor-element-6dd5e452 e-con-full e-flex e-con e-parent\" data-id=\"6dd5e452\" data-element_type=\"container\" data-e-type=\"container\" data-settings=\"{&quot;background_background&quot;:&quot;slideshow&quot;,&quot;background_slideshow_gallery&quot;:[{&quot;id&quot;:462,&quot;url&quot;:&quot;https:\\\/\\\/www.hotel-johann.berlin\\\/2023\\\/wp-content\\\/uploads\\\/2023\\\/11\\\/nachhaltigkeit.jpg&quot;}],&quot;background_slideshow_loop&quot;:&quot;yes&quot;,&quot;background_slideshow_slide_duration&quot;:5000,&quot;background_slideshow_slide_transition&quot;:&quot;fade&quot;,&quot;background_slideshow_transition_duration&quot;:500}\">\n\t\t\t\t<div class=\"elementor-element elementor-element-72a6261 elementor-widget elementor-widget-heading\" data-id=\"72a6261\" data-element_type=\"widget\" data-e-type=\"widget\" data-widget_type=\"heading.default\">\n\t\t\t\t<div class=\"elementor-widget-container\">\n\t\t\t\t\t<h1 class=\"elementor-heading-title elementor-size-default\">We are thinking sustainably<\/h1>\t\t\t\t<\/div>\n\t\t\t\t<\/div>\n\t\t\t\t<\/div>\n\t\t<div class=\"elementor-element elementor-element-63c2edc e-flex e-con-boxed e-con e-parent\" data-id=\"63c2edc\" data-element_type=\"container\" data-e-type=\"container\">\n\t\t\t\t\t<div class=\"e-con-inner\">\n\t\t\t\t<div class=\"elementor-element elementor-element-e2555db elementor-widget elementor-widget-text-editor\" data-id=\"e2555db\" data-element_type=\"widget\" data-e-type=\"widget\" data-widget_type=\"text-editor.default\">\n\t\t\t\t<div class=\"elementor-widget-container\">\n\t\t\t\t\t\t\t\t\t<p><strong>PRODUCE &amp; SAVE ENERGY<\/strong><\/p><p>Seit u\u0308ber zehn Jahren produziert ein <strong>Blockheizkraftwerk<\/strong> in unserem Keller elektrische Energie und W\u00e4rme in Kraft-W\u00e4rme-Kopplung. Den erzeugten Strom verbrauchen wir zu 100% selbst. Den restlichen Bedarf beziehen wir u\u0308ber die Elektrizit\u00e4tswerke Sch\u00f6nau (EWS), welche <strong>100% \u00d6kostrom<\/strong> aus erneuerbaren Energien bietet.<\/p><p>\u00dcber 90% der Beleuchtung wird durch <strong>energieeffiziente<\/strong> LED-Lampen erzeugt. In den Hotelfluren steuern Bewegungsmelder die Beleuchtung nach Bedarf.<\/p><p class=\" translation-block\">We consciously avoid electricity-consuming air conditioning. In the summer months, fans provide fresh air in our rooms.\nSmall refrigerators are only available in rooms that are rented out as apartments on a long-term basis. There are no other mini-bars in the guest rooms: Instead, we offer our guests chilled drinks in the so-called \u201cMaxi-Bar\u201d, a large refrigerator in the foyer for self-service on a trust basis.<\/p><p><strong>SAVE WATER &amp; ENERGY<\/strong><\/p><p>Wir fragen alle G\u00e4ste beim Check-In nach ihren <strong>individuellen Wu\u0308nschen<\/strong> bezu\u0308glich der Zimmerreinigung. So werden die Zimmer w\u00e4hrend des Aufenthalts nur auf Wunsch gereinigt und unsere G\u00e4ste k\u00f6nnen die Handtu\u0308cher mehrmals verwenden.<\/p><p class=\" translation-block\">In addition to save water and energy, there are steel regulators on all taps in the hotel that reduce the amount of water flowing through.\nThe toilet flushes also have a stop button so that the water required can be dosed as required.\nWe also make sure that we only start our washing machines when they are fully loaded. The same applies to our dishwashers.<\/p><p><strong>AVOID WASTE &amp; PLASTIC<\/strong><\/p><p>In unserer kleinen Backstube backen wir jeden Morgen die Br\u00f6tchen und Brote f\u00fcr das Fr\u00fchst\u00fccksbuffet frisch auf. Dadurch <strong>sparen<\/strong> wir die t\u00e4gliche Lieferung und somit CO2.<\/p><p>Die Reste von Brot und Br\u00f6tchen sammeln wir getrennt und lassen sie trocknen. Ein Hobby-Landwirt aus der Region holt sie regelm\u00e4\u00dfig ab und fu\u0308ttert sie seinen Schafen: angeblich jedes Mal ein Festtag auf dem brandenburgischen Schafhof. Somit werden Reste nicht verschwendet sondern finden ihren Weg zur\u00fcck in einen <strong>nachhaltigen Kreislauf<\/strong>. Au\u00dferdem <strong>verzichten<\/strong> wir komplett auf Portions-Packungen und auf Einweggeschirre, auch in Form von Trinkhalmen, Ru\u0308hrst\u00e4bchen oder To-Go-Bechern. Gerne befu\u0308llen wir unseren G\u00e4sten Mehrwegbecher.<\/p><p>Au\u00dferdem setzen wir auf <strong>sparsame<\/strong> Spendersysteme fu\u0308r Hotelkosmetik. In unseren B\u00e4dern gibt es keine Kleinportionen in Plastikfl\u00e4schchen. Handseife und Duschgel in Spenderkartuschen k\u00f6nnen von den G\u00e4sten bedarfsgerecht dosiert werden. Die Kartuschen bestehen zu 50% aus recyceltem PET. So k\u00f6nnen <strong>wir u\u0308ber 75% Plastikabf\u00e4lle vermeiden<\/strong>.<\/p><p>Und den unvermeidlich anfallenden <strong>Mu\u0308ll trennen<\/strong> wir nat\u00fcrlich. Wei\u00dfglas, Buntglas, Papier, organische Abf\u00e4lle, Kunststoff sowie Restmu\u0308ll sammeln wir getrennt und lassen sie gem\u00e4\u00df der deutschen Gewerbeabfallverordnung entsorgen.<\/p><p><strong>WE USE REGIONAL PRODUCTS<\/strong><\/p><p>Im Hotel Johann bieten wir unseren G\u00e4sten <strong>lokal produzierte<\/strong> Getr\u00e4nke an: zum Beispiel Limonaden der \u201eProviant Fruchtmanufaktur\u201c aus Berlin-Marzahn oder handwerklich gebraute Biere der \u201eBRLO\u201c Brauerei aus Berlin-Kreuzberg. Unser Apfel-Birnensaft kommt dazu frisch von der eigenen Wiese aus Brandenburg auf unser Fr\u00fchst\u00fccksbuffet (vorhanden nur <strong>saisonal<\/strong> und solange der Vorrat reicht).<\/p><p><strong>GOOD CAUSES<\/strong><\/p><p>Wir begru\u0308\u00dfen alle unsere G\u00e4ste bei Anreise mit einer kostenlosen Flasche Viva con Agua Mineralwasser im Zimmer. <strong>Viva con Agua<\/strong> unterstu\u0308tzt Wasserprojekte weltweit, um mehr Menschen Zugang zu sauberem Trinkwasser und sanit\u00e4rer Grundversorgung zu verschaffen. Mit diesem Willkommensgetr\u00e4nk hoffen wir, unsere G\u00e4ste fu\u0308r das Thema sauberes Wasser sensibilisieren.<\/p><p>\u00dcber 90% unserer Getr\u00e4nke kaufen und verkaufen wir in Pfandflaschen. Sonstige Pfandflaschen, die unsere G\u00e4ste im Hotel zuru\u0308cklassen, <strong>spenden<\/strong> wir u\u0308ber die App \u201ePfandgeben\u201c an Bedu\u0308rftige in der Umgebung.<\/p><p>Ob Kaffee, Tee, Milch, Eier, Wurst, K\u00e4se oder auch Mu\u0308sli &#8211; wir bieten viele Produkte in <strong>Bio-Qualit\u00e4t<\/strong> an, um eine nachhaltige Landwirtschaft zu f\u00f6rdern.<\/p>\t\t\t\t\t\t\t\t<\/div>\n\t\t\t\t<\/div>\n\t\t\t\t\t<\/div>\n\t\t\t\t<\/div>\n\t\t\t\t<\/div>","protected":false},"excerpt":{"rendered":"<p>Wir denken nach:haltig ENERGIE PRODUZIEREN &amp; SPAREN Seit u\u0308ber zehn Jahren produziert ein Blockheizkraftwerk in unserem Keller elektrische Energie und W\u00e4rme in Kraft-W\u00e4rme-Kopplung. Den erzeugten Strom verbrauchen wir zu 100% selbst. Den restlichen Bedarf beziehen wir u\u0308ber die Elektrizit\u00e4tswerke Sch\u00f6nau (EWS), welche 100% \u00d6kostrom aus erneuerbaren Energien bietet. \u00dcber 90% der Beleuchtung wird durch energieeffiziente [&hellip;]<\/p>","protected":false},"author":1,"featured_media":0,"parent":0,"menu_order":0,"comment_status":"closed","ping_status":"closed","template":"","meta":{"footnotes":""},"class_list":["post-426","page","type-page","status-publish","hentry"],"_links":{"self":[{"href":"https:\/\/www.hotel-johann.berlin\/en\/wp-json\/wp\/v2\/pages\/426","targetHints":{"allow":["GET"]}}],"collection":[{"href":"https:\/\/www.hotel-johann.berlin\/en\/wp-json\/wp\/v2\/pages"}],"about":[{"href":"https:\/\/www.hotel-johann.berlin\/en\/wp-json\/wp\/v2\/types\/page"}],"author":[{"embeddable":true,"href":"https:\/\/www.hotel-johann.berlin\/en\/wp-json\/wp\/v2\/users\/1"}],"replies":[{"embeddable":true,"href":"https:\/\/www.hotel-johann.berlin\/en\/wp-json\/wp\/v2\/comments?post=426"}],"version-history":[{"count":58,"href":"https:\/\/www.hotel-johann.berlin\/en\/wp-json\/wp\/v2\/pages\/426\/revisions"}],"predecessor-version":[{"id":2565,"href":"https:\/\/www.hotel-johann.berlin\/en\/wp-json\/wp\/v2\/pages\/426\/revisions\/2565"}],"wp:attachment":[{"href":"https:\/\/www.hotel-johann.berlin\/en\/wp-json\/wp\/v2\/media?parent=426"}],"curies":[{"name":"wp","href":"https:\/\/api.w.org\/{rel}","templated":true}]}}