{"id":1048,"date":"2024-04-03T14:48:13","date_gmt":"2024-04-03T12:48:13","guid":{"rendered":"https:\/\/www.hotel-johann.berlin\/2023\/?page_id=1048"},"modified":"2026-05-06T13:05:35","modified_gmt":"2026-05-06T11:05:35","slug":"hotelinformationen","status":"publish","type":"page","link":"https:\/\/www.hotel-johann.berlin\/en\/hotelinformationen\/","title":{"rendered":"About Johann"},"content":{"rendered":"<div data-elementor-type=\"wp-page\" data-elementor-id=\"1048\" class=\"elementor elementor-1048\" data-elementor-post-type=\"page\">\n\t\t\t\t<div class=\"elementor-element elementor-element-6dd5e452 e-con-full e-flex e-con e-parent\" data-id=\"6dd5e452\" data-element_type=\"container\" data-e-type=\"container\" data-settings=\"{&quot;background_background&quot;:&quot;classic&quot;}\">\n\t\t\t\t<div class=\"elementor-element elementor-element-72a6261 elementor-widget elementor-widget-heading\" data-id=\"72a6261\" data-element_type=\"widget\" data-e-type=\"widget\" data-widget_type=\"heading.default\">\n\t\t\t\t<div class=\"elementor-widget-container\">\n\t\t\t\t\t<h1 class=\"elementor-heading-title elementor-size-default\">ALL ABOUT JOHANN<\/h1>\t\t\t\t<\/div>\n\t\t\t\t<\/div>\n\t\t\t\t<\/div>\n\t\t<div class=\"elementor-element elementor-element-9b59bf0 e-flex e-con-boxed e-con e-parent\" data-id=\"9b59bf0\" data-element_type=\"container\" data-e-type=\"container\">\n\t\t\t\t\t<div class=\"e-con-inner\">\n\t\t\t\t<div class=\"elementor-element elementor-element-20b3b1c e-n-tabs-mobile elementor-widget elementor-widget-n-tabs\" data-id=\"20b3b1c\" data-element_type=\"widget\" data-e-type=\"widget\" data-widget_type=\"nested-tabs.default\">\n\t\t\t\t<div class=\"elementor-widget-container\">\n\t\t\t\t\t\t\t<div class=\"e-n-tabs\" data-widget-number=\"34290460\" aria-label=\"Tabs. Open items with Enter or Space, close with Escape and navigate using the Arrow keys.\">\n\t\t\t<div class=\"e-n-tabs-heading\" role=\"tablist\">\n\t\t\t\t\t<button id=\"e-n-tab-title-342904601\" data-tab-title-id=\"e-n-tab-title-342904601\" class=\"e-n-tab-title\" aria-selected=\"true\" data-tab-index=\"1\" role=\"tab\" tabindex=\"0\" aria-controls=\"e-n-tab-content-342904601\" style=\"--n-tabs-title-order: 1;\">\n\t\t\t\t\t\t<span class=\"e-n-tab-title-text\">\n\t\t\t\tOpening times reception desk\t\t\t<\/span>\n\t\t<\/button>\n\t\t\t\t<button id=\"e-n-tab-title-342904602\" data-tab-title-id=\"e-n-tab-title-342904602\" class=\"e-n-tab-title\" aria-selected=\"false\" data-tab-index=\"2\" role=\"tab\" tabindex=\"-1\" aria-controls=\"e-n-tab-content-342904602\" style=\"--n-tabs-title-order: 2;\">\n\t\t\t\t\t\t<span class=\"e-n-tab-title-text\">\n\t\t\t\tCheck In\/ Check Out\t\t\t<\/span>\n\t\t<\/button>\n\t\t\t\t<button id=\"e-n-tab-title-342904603\" data-tab-title-id=\"e-n-tab-title-342904603\" class=\"e-n-tab-title\" aria-selected=\"false\" data-tab-index=\"3\" role=\"tab\" tabindex=\"-1\" aria-controls=\"e-n-tab-content-342904603\" style=\"--n-tabs-title-order: 3;\">\n\t\t\t\t\t\t<span class=\"e-n-tab-title-text\">\n\t\t\t\tRoom cleaning\t\t\t<\/span>\n\t\t<\/button>\n\t\t\t\t<button id=\"e-n-tab-title-342904604\" data-tab-title-id=\"e-n-tab-title-342904604\" class=\"e-n-tab-title\" aria-selected=\"false\" data-tab-index=\"4\" role=\"tab\" tabindex=\"-1\" aria-controls=\"e-n-tab-content-342904604\" style=\"--n-tabs-title-order: 4;\">\n\t\t\t\t\t\t<span class=\"e-n-tab-title-text\">\n\t\t\t\tBreakfast\t\t\t<\/span>\n\t\t<\/button>\n\t\t\t\t<button id=\"e-n-tab-title-342904605\" data-tab-title-id=\"e-n-tab-title-342904605\" class=\"e-n-tab-title\" aria-selected=\"false\" data-tab-index=\"5\" role=\"tab\" tabindex=\"-1\" aria-controls=\"e-n-tab-content-342904605\" style=\"--n-tabs-title-order: 5;\">\n\t\t\t\t\t\t<span class=\"e-n-tab-title-text\">\n\t\t\t\tMaxibar\t\t\t<\/span>\n\t\t<\/button>\n\t\t\t\t<button id=\"e-n-tab-title-342904606\" data-tab-title-id=\"e-n-tab-title-342904606\" class=\"e-n-tab-title\" aria-selected=\"false\" data-tab-index=\"6\" role=\"tab\" tabindex=\"-1\" aria-controls=\"e-n-tab-content-342904606\" style=\"--n-tabs-title-order: 6;\">\n\t\t\t\t\t\t<span class=\"e-n-tab-title-text\">\n\t\t\t\tSport\t\t\t<\/span>\n\t\t<\/button>\n\t\t\t\t<button id=\"e-n-tab-title-342904607\" data-tab-title-id=\"e-n-tab-title-342904607\" class=\"e-n-tab-title\" aria-selected=\"false\" data-tab-index=\"7\" role=\"tab\" tabindex=\"-1\" aria-controls=\"e-n-tab-content-342904607\" style=\"--n-tabs-title-order: 7;\">\n\t\t\t\t\t\t<span class=\"e-n-tab-title-text\">\n\t\t\t\tFood &amp; Drinks\t\t\t<\/span>\n\t\t<\/button>\n\t\t\t\t<button id=\"e-n-tab-title-342904608\" data-tab-title-id=\"e-n-tab-title-342904608\" class=\"e-n-tab-title\" aria-selected=\"false\" data-tab-index=\"8\" role=\"tab\" tabindex=\"-1\" aria-controls=\"e-n-tab-content-342904608\" style=\"--n-tabs-title-order: 8;\">\n\t\t\t\t\t\t<span class=\"e-n-tab-title-text\">\n\t\t\t\tNachhaltigkeit\t\t\t<\/span>\n\t\t<\/button>\n\t\t\t\t\t<\/div>\n\t\t\t<div class=\"e-n-tabs-content\">\n\t\t\t\t<div id=\"e-n-tab-content-342904601\" role=\"tabpanel\" aria-labelledby=\"e-n-tab-title-342904601\" data-tab-index=\"1\" style=\"--n-tabs-title-order: 1;\" class=\"e-active elementor-element elementor-element-384df53 e-con-full e-flex e-con e-child\" data-id=\"384df53\" data-element_type=\"container\" data-e-type=\"container\">\n\t\t<div class=\"elementor-element elementor-element-76907e2 e-flex e-con-boxed e-con e-child\" data-id=\"76907e2\" data-element_type=\"container\" data-e-type=\"container\">\n\t\t\t\t\t<div class=\"e-con-inner\">\n\t\t\t\t<div class=\"elementor-element elementor-element-3cc8c0f elementor-widget elementor-widget-text-editor\" data-id=\"3cc8c0f\" data-element_type=\"widget\" data-e-type=\"widget\" data-widget_type=\"text-editor.default\">\n\t\t\t\t<div class=\"elementor-widget-container\">\n\t\t\t\t\t\t\t\t\t<p>Our reception is open <strong>Monday to Friday<\/strong> from <strong>7 am to 9 pm<\/strong> .<br \/>On <strong>weekends<\/strong> and <strong>public holidays<\/strong> we are open from <strong>8 am to 4 pm<\/strong> for you.<\/p><div><div><p>Outside reception hours, you can contact us <strong>anytime <\/strong>at our hotel number.<\/p><\/div><\/div>\t\t\t\t\t\t\t\t<\/div>\n\t\t\t\t<\/div>\n\t\t\t\t\t<\/div>\n\t\t\t\t<\/div>\n\t\t\t\t<\/div>\n\t\t<div id=\"e-n-tab-content-342904602\" role=\"tabpanel\" aria-labelledby=\"e-n-tab-title-342904602\" data-tab-index=\"2\" style=\"--n-tabs-title-order: 2;\" class=\"elementor-element elementor-element-ce20bc5 e-con-full e-flex e-con e-child\" data-id=\"ce20bc5\" data-element_type=\"container\" data-e-type=\"container\">\n\t\t<div class=\"elementor-element elementor-element-38678de e-flex e-con-boxed e-con e-child\" data-id=\"38678de\" data-element_type=\"container\" data-e-type=\"container\">\n\t\t\t\t\t<div class=\"e-con-inner\">\n\t\t\t\t<div class=\"elementor-element elementor-element-26afcfd elementor-widget elementor-widget-text-editor\" data-id=\"26afcfd\" data-element_type=\"widget\" data-e-type=\"widget\" data-widget_type=\"text-editor.default\">\n\t\t\t\t<div class=\"elementor-widget-container\">\n\t\t\t\t\t\t\t\t\t<p>Check In is from <strong>2 pm<\/strong> possible. Check Out <strong>until 11 am<\/strong>\u00a0<strong>.<\/strong>.<br \/>If you would like to leave before 7 am, please let reception know the evening before.<\/p><div>Please note that you can only pay by card!<\/div>\t\t\t\t\t\t\t\t<\/div>\n\t\t\t\t<\/div>\n\t\t\t\t\t<\/div>\n\t\t\t\t<\/div>\n\t\t\t\t<\/div>\n\t\t<div id=\"e-n-tab-content-342904603\" role=\"tabpanel\" aria-labelledby=\"e-n-tab-title-342904603\" data-tab-index=\"3\" style=\"--n-tabs-title-order: 3;\" class=\"elementor-element elementor-element-348f854 e-con-full e-flex e-con e-child\" data-id=\"348f854\" data-element_type=\"container\" data-e-type=\"container\">\n\t\t<div class=\"elementor-element elementor-element-87fa0b7 e-flex e-con-boxed e-con e-child\" data-id=\"87fa0b7\" data-element_type=\"container\" data-e-type=\"container\">\n\t\t\t\t\t<div class=\"e-con-inner\">\n\t\t\t\t<div class=\"elementor-element elementor-element-9d26d2a elementor-widget elementor-widget-text-editor\" data-id=\"9d26d2a\" data-element_type=\"widget\" data-e-type=\"widget\" data-widget_type=\"text-editor.default\">\n\t\t\t\t<div class=\"elementor-widget-container\">\n\t\t\t\t\t\t\t\t\t<p>For ecological reasons, we don't clean the rooms <em>everyday<\/em>If you would like your room cleaned, fresh towels, etc., or if something is missing, please let reception know in the morning.<br \/>Otherwise, you will find a small trolley with towels, blankets, and toilet paper in the stairwell\u2014please follow the signs.<\/p><p>Please be aware that the Hotel is a <strong>non-smoking Hotel.<\/strong> Thank you!<\/p>\t\t\t\t\t\t\t\t<\/div>\n\t\t\t\t<\/div>\n\t\t\t\t\t<\/div>\n\t\t\t\t<\/div>\n\t\t\t\t<\/div>\n\t\t<div id=\"e-n-tab-content-342904604\" role=\"tabpanel\" aria-labelledby=\"e-n-tab-title-342904604\" data-tab-index=\"4\" style=\"--n-tabs-title-order: 4;\" class=\"elementor-element elementor-element-dcf9bba e-con-full e-flex e-con e-child\" data-id=\"dcf9bba\" data-element_type=\"container\" data-e-type=\"container\">\n\t\t<div class=\"elementor-element elementor-element-b1e2f60 e-con-full e-flex e-con e-child\" data-id=\"b1e2f60\" data-element_type=\"container\" data-e-type=\"container\">\n\t\t\t\t<div class=\"elementor-element elementor-element-9e7e7b8 elementor-widget elementor-widget-text-editor\" data-id=\"9e7e7b8\" data-element_type=\"widget\" data-e-type=\"widget\" data-widget_type=\"text-editor.default\">\n\t\t\t\t<div class=\"elementor-widget-container\">\n\t\t\t\t\t\t\t\t\t<p>Our breakfast times:<br \/><strong>Monday to Friday: 7 am to 10:30 am<\/strong><br \/><strong>Weekends and Holidays: 7:30 am to 11 am<\/strong><br \/>Price: 15,90 \u20ac per person<br \/>Children aged 3-11: 7,90 \u20ac<br \/><br \/>Please let us know the evening before if you would like to have breakfast with us.<\/p>\t\t\t\t\t\t\t\t<\/div>\n\t\t\t\t<\/div>\n\t\t\t\t<\/div>\n\t\t<div class=\"elementor-element elementor-element-d5eb598 e-con-full e-flex e-con e-child\" data-id=\"d5eb598\" data-element_type=\"container\" data-e-type=\"container\">\n\t\t\t\t<div class=\"elementor-element elementor-element-7cc46b8 elementor-widget elementor-widget-image\" data-id=\"7cc46b8\" data-element_type=\"widget\" data-e-type=\"widget\" data-widget_type=\"image.default\">\n\t\t\t\t<div class=\"elementor-widget-container\">\n\t\t\t\t\t\t\t\t\t\t\t\t\t\t\t<img decoding=\"async\" src=\"https:\/\/www.hotel-johann.berlin\/wp-content\/uploads\/elementor\/thumbs\/2024_01_02_Johann-60-scaled-e1771759394310-rjizhnzmrbeog5jtk6nfwlvyo98iud028q2uhyby2o.jpg\" title=\"2024_01_02_Johann-60\" alt=\"2024_01_02_Johann-60\" loading=\"lazy\" \/>\t\t\t\t\t\t\t\t\t\t\t\t\t\t\t<\/div>\n\t\t\t\t<\/div>\n\t\t\t\t<\/div>\n\t\t\t\t<\/div>\n\t\t<div id=\"e-n-tab-content-342904605\" role=\"tabpanel\" aria-labelledby=\"e-n-tab-title-342904605\" data-tab-index=\"5\" style=\"--n-tabs-title-order: 5;\" class=\"elementor-element elementor-element-f767d75 e-flex e-con-boxed e-con e-child\" data-id=\"f767d75\" data-element_type=\"container\" data-e-type=\"container\">\n\t\t\t\t\t<div class=\"e-con-inner\">\n\t\t<div class=\"elementor-element elementor-element-ae90326 e-con-full e-flex e-con e-child\" data-id=\"ae90326\" data-element_type=\"container\" data-e-type=\"container\">\n\t\t\t\t<div class=\"elementor-element elementor-element-335f3a4 elementor-widget elementor-widget-image\" data-id=\"335f3a4\" data-element_type=\"widget\" data-e-type=\"widget\" data-widget_type=\"image.default\">\n\t\t\t\t<div class=\"elementor-widget-container\">\n\t\t\t\t\t\t\t\t\t\t\t\t\t\t\t<img decoding=\"async\" src=\"https:\/\/www.hotel-johann.berlin\/wp-content\/uploads\/elementor\/thumbs\/hotel-johann-gallerie-qjr8hpuju0bms5cywjv5mna1ighznomukmy6stz8m0.jpg\" title=\"hotel-johann-gallerie\" alt=\"hotel-johann-gallerie\" loading=\"lazy\" \/>\t\t\t\t\t\t\t\t\t\t\t\t\t\t\t<\/div>\n\t\t\t\t<\/div>\n\t\t\t\t<\/div>\n\t\t<div class=\"elementor-element elementor-element-f5e72ca e-con-full e-flex e-con e-child\" data-id=\"f5e72ca\" data-element_type=\"container\" data-e-type=\"container\">\n\t\t\t\t<div class=\"elementor-element elementor-element-fad326c elementor-widget elementor-widget-text-editor\" data-id=\"fad326c\" data-element_type=\"widget\" data-e-type=\"widget\" data-widget_type=\"text-editor.default\">\n\t\t\t\t<div class=\"elementor-widget-container\">\n\t\t\t\t\t\t\t\t\t<p>Drinks and Snacks are <strong>always available<\/strong> at our MAXIBAR on the ground floor.<\/p>\t\t\t\t\t\t\t\t<\/div>\n\t\t\t\t<\/div>\n\t\t\t\t<\/div>\n\t\t\t\t\t<\/div>\n\t\t\t\t<\/div>\n\t\t<div id=\"e-n-tab-content-342904606\" role=\"tabpanel\" aria-labelledby=\"e-n-tab-title-342904606\" data-tab-index=\"6\" style=\"--n-tabs-title-order: 6;\" class=\"elementor-element elementor-element-149187b e-flex e-con-boxed e-con e-child\" data-id=\"149187b\" data-element_type=\"container\" data-e-type=\"container\">\n\t\t\t\t\t<div class=\"e-con-inner\">\n\t\t<div class=\"elementor-element elementor-element-2f50d23 e-con-full e-flex e-con e-child\" data-id=\"2f50d23\" data-element_type=\"container\" data-e-type=\"container\">\n\t\t\t\t<div class=\"elementor-element elementor-element-4282300 elementor-widget elementor-widget-text-editor\" data-id=\"4282300\" data-element_type=\"widget\" data-e-type=\"widget\" data-widget_type=\"text-editor.default\">\n\t\t\t\t<div class=\"elementor-widget-container\">\n\t\t\t\t\t\t\t\t\t<div><div><p>You are welcome to borrow a <strong>Yoga Mat<\/strong> from the reception. We are happy if you find a quiet place to practice in your room.<\/p><\/div><div><p>If you feel like going for a run or a relaxing walk, the Landwehr Canal is just around the corner\u2014perfect for getting some fresh air by the water.<\/p><\/div><div><p>In B\u00f6cklerpark there is the Adidas Runners Playground and at Hallesches Tor there is an outdoor calisthenics park.<\/p><\/div><div><p>Alternatively, we recommend Urban Sports\u2014a great way to discover different gyms, yoga studios, swimming pools, and wellness facilities throughout the city.<\/p><\/div><\/div>\t\t\t\t\t\t\t\t<\/div>\n\t\t\t\t<\/div>\n\t\t\t\t<\/div>\n\t\t\t\t\t<\/div>\n\t\t\t\t<\/div>\n\t\t<div id=\"e-n-tab-content-342904607\" role=\"tabpanel\" aria-labelledby=\"e-n-tab-title-342904607\" data-tab-index=\"7\" style=\"--n-tabs-title-order: 7;\" class=\"elementor-element elementor-element-00e685d e-flex e-con-boxed e-con e-child\" data-id=\"00e685d\" data-element_type=\"container\" data-e-type=\"container\">\n\t\t\t\t\t<div class=\"e-con-inner\">\n\t\t<div class=\"elementor-element elementor-element-406d881 e-con-full e-flex e-con e-child\" data-id=\"406d881\" data-element_type=\"container\" data-e-type=\"container\">\n\t\t\t\t<div class=\"elementor-element elementor-element-0c72642 elementor-widget elementor-widget-heading\" data-id=\"0c72642\" data-element_type=\"widget\" data-e-type=\"widget\" data-widget_type=\"heading.default\">\n\t\t\t\t<div class=\"elementor-widget-container\">\n\t\t\t\t\t<h2 class=\"elementor-heading-title elementor-size-default\">Restaurant recommendations<\/h2>\t\t\t\t<\/div>\n\t\t\t\t<\/div>\n\t\t\t\t<div class=\"elementor-element elementor-element-bdecc4f elementor-widget elementor-widget-heading\" data-id=\"bdecc4f\" data-element_type=\"widget\" data-e-type=\"widget\" data-widget_type=\"heading.default\">\n\t\t\t\t<div class=\"elementor-widget-container\">\n\t\t\t\t\t<h6 class=\"elementor-heading-title elementor-size-default\">Du findest in unserer N\u00e4he viele gute Restaurant, hier eine kleine Auswahl (zwischen 5 - 20 min fu\u00dfl\u00e4ufig entfernt):<\/h6>\t\t\t\t<\/div>\n\t\t\t\t<\/div>\n\t\t<div class=\"elementor-element elementor-element-aa935b9 e-con-full e-flex e-con e-child\" data-id=\"aa935b9\" data-element_type=\"container\" data-e-type=\"container\">\n\t\t\t\t<div class=\"elementor-element elementor-element-245477e elementor-widget elementor-widget-text-editor\" data-id=\"245477e\" data-element_type=\"widget\" data-e-type=\"widget\" data-widget_type=\"text-editor.default\">\n\t\t\t\t<div class=\"elementor-widget-container\">\n\t\t\t\t\t\t\t\t\t<ul><li>Restaurant Split<\/li><li>Nonne und Zwerg<\/li><li>Restaurantschiff van Loon<\/li><li>Pizziamo<\/li><li>Il Casolare<\/li><li><span class=\"Absatz-Standardschriftart\"><span lang=\"DE\">Marheineke Markthalle<\/span><\/span><\/li><li>MASTAN<\/li><li>Fratelli La Bionda<\/li><li>Cocolo Ramen X-berg<\/li><li>Umami Kreuzberg<\/li><li><span lang=\"EN-GB\">Jederzeit Cafe <\/span><\/li><li><span lang=\"EN-GB\">The Mortimer Social<\/span><\/li><li>Gelato DISCO<\/li><li><span lang=\"DE\">Flying Roasters<br \/><\/span><\/li><li>Zollhaus Rutz<\/li><\/ul>\t\t\t\t\t\t\t\t<\/div>\n\t\t\t\t<\/div>\n\t\t\t\t<div class=\"elementor-element elementor-element-845142b elementor-widget elementor-widget-text-editor\" data-id=\"845142b\" data-element_type=\"widget\" data-e-type=\"widget\" data-widget_type=\"text-editor.default\">\n\t\t\t\t<div class=\"elementor-widget-container\">\n\t\t\t\t\t\t\t\t\t<p>Kroatische K\u00fcche\u00a0<br \/>Mediterrane K\u00fcche<br \/>Fisch, Fleisch Veggie\u00a0<br \/>Pizzeria<br \/>Pizzeria<br \/>Verschiedene Optionen<br \/>Franz\u00f6sische K\u00fcche\u00a0<br \/>Italienische K\u00fcche<br \/>Japanische K\u00fcche<br \/>Vietnamesische K\u00fcche\u00a0<br \/>Caf\u00e9<br \/>Caf\u00e9<br \/>Eiscaf\u00e9 &amp; Waffeln<br \/>Kaffee &amp; Geb\u00e4ck\u00a0<br \/>Gehobene K\u00fcche<\/p>\t\t\t\t\t\t\t\t<\/div>\n\t\t\t\t<\/div>\n\t\t\t\t<\/div>\n\t\t\t\t<div class=\"elementor-element elementor-element-e8223b4 elementor-widget elementor-widget-heading\" data-id=\"e8223b4\" data-element_type=\"widget\" data-e-type=\"widget\" data-widget_type=\"heading.default\">\n\t\t\t\t<div class=\"elementor-widget-container\">\n\t\t\t\t\t<h2 class=\"elementor-heading-title elementor-size-default\">Kreuzberger N\u00e4chte<\/h2>\t\t\t\t<\/div>\n\t\t\t\t<\/div>\n\t\t\t\t<div class=\"elementor-element elementor-element-d30f877 elementor-widget elementor-widget-text-editor\" data-id=\"d30f877\" data-element_type=\"widget\" data-e-type=\"widget\" data-widget_type=\"text-editor.default\">\n\t\t\t\t<div class=\"elementor-widget-container\">\n\t\t\t\t\t\t\t\t\t<p><span style=\"font-size: 16px;\">If you want to experience Berlin's nightlife, we recommend the following neighborhoods (with some bar suggestions, but there are many more!):<\/span><\/p><div><ul><li><p><strong>Graefe Kiez<\/strong> (Fuchsbau, Roter Rabe, The Rad Natural Wine Bar &amp; Caf\u00e9 etc.)<\/p><\/li><li><p><strong>Bergmann Kiez<\/strong> (Die Legenden von Paula und Ben etc.)<\/p><\/li><li><p><strong>Oranienstra\u00dfe\/Dresdner Stra\u00dfe<\/strong> (Caf\u00e9 Luzia, Tante Lisbeth etc.)<\/p><\/li><\/ul><\/div>\t\t\t\t\t\t\t\t<\/div>\n\t\t\t\t<\/div>\n\t\t\t\t<\/div>\n\t\t\t\t\t<\/div>\n\t\t\t\t<\/div>\n\t\t<div id=\"e-n-tab-content-342904608\" role=\"tabpanel\" aria-labelledby=\"e-n-tab-title-342904608\" data-tab-index=\"8\" style=\"--n-tabs-title-order: 8;\" class=\"elementor-element elementor-element-7be8179 e-flex e-con-boxed e-con e-child\" data-id=\"7be8179\" data-element_type=\"container\" data-e-type=\"container\">\n\t\t\t\t\t<div class=\"e-con-inner\">\n\t\t<div class=\"elementor-element elementor-element-2439317 e-con-full e-flex e-con e-child\" data-id=\"2439317\" data-element_type=\"container\" data-e-type=\"container\">\n\t\t\t\t<div class=\"elementor-element elementor-element-88fedce elementor-widget elementor-widget-text-editor\" data-id=\"88fedce\" data-element_type=\"widget\" data-e-type=\"widget\" data-widget_type=\"text-editor.default\">\n\t\t\t\t<div class=\"elementor-widget-container\">\n\t\t\t\t\t\t\t\t\t<p style=\"font-weight: 400;\">Uns im Hotel Johann ist es wichtig, dass du dich bei uns wohlf\u00fchlst &#8211; und gleichzeitig m\u00f6chten wir verantwortungsvoll mit unserer Umwelt umgehen. Deshalb versuchen wir jeden Tag, unseren Hotelbetrieb so nachhaltig wie m\u00f6glich zu gestalten.<\/p><p style=\"font-weight: 400;\">Aber ganz ehrlich: Das schaffen wir nicht alleine. Schon mit kleinen Gesten k\u00f6nnen wir alle dabei helfen, Energie und Ressourcen zu sparen.\u00a0<\/p><p style=\"font-weight: 400;\">Hier sind ein paar einfache Anregungen, wie wir gemeinsam nachhaltiger sein k\u00f6nnen:<\/p><ul style=\"font-weight: 400;\"><li><strong>Bitte schalte das Licht aus, wenn du das Zimmer verl\u00e4sst<\/strong><\/li><li><strong>Stelle die Heizung m\u00f6glichst nicht h\u00f6her als Stufe 3<\/strong><\/li><li><strong>Nutze Wasser bewusst und achtsam<\/strong><\/li><li><strong>Stelle die Fu\u00dfbodenheizung bitte maximal auf 22 \u00b0C ein<\/strong><\/li><li><strong>Hilf uns dabei, M\u00fcll nach M\u00f6glichkeit zu trennen<br \/><br \/><\/strong>Wenn du noch andere Fragen oder Anregungen hast, dann lass es uns wissen!<\/li><\/ul>\t\t\t\t\t\t\t\t<\/div>\n\t\t\t\t<\/div>\n\t\t\t\t<\/div>\n\t\t\t\t\t<\/div>\n\t\t\t\t<\/div>\n\t\t\t\t\t<\/div>\n\t\t<\/div>\n\t\t\t\t\t\t<\/div>\n\t\t\t\t<\/div>\n\t\t\t\t\t<\/div>\n\t\t\t\t<\/div>\n\t\t<div class=\"elementor-element elementor-element-ac514d8 e-flex e-con-boxed e-con e-parent\" data-id=\"ac514d8\" data-element_type=\"container\" data-e-type=\"container\">\n\t\t\t\t\t<div class=\"e-con-inner\">\n\t\t\t\t<div class=\"elementor-element elementor-element-e3ec7a5 elementor-widget elementor-widget-text-editor\" data-id=\"e3ec7a5\" data-element_type=\"widget\" data-e-type=\"widget\" data-widget_type=\"text-editor.default\">\n\t\t\t\t<div class=\"elementor-widget-container\">\n\t\t\t\t\t\t\t\t\t<h3>\u2192 <em><strong>HOW TO GET AROUND BERLIN<\/strong><\/em><\/h3><p>Berliner Verkehrsbetriebe: you can find all information about public transport on <strong>www.BVG.de<\/strong>.<\/p><p><em>If anything should happen, please call our hotel number, we are there for you 24\/7. Or ask us directly at reception.<\/em><br \/><strong>Great to have you here!<\/strong><\/p>\t\t\t\t\t\t\t\t<\/div>\n\t\t\t\t<\/div>\n\t\t\t\t\t<\/div>\n\t\t\t\t<\/div>\n\t\t\t\t<\/div>","protected":false},"excerpt":{"rendered":"<p>ALL ABOUT JOHANN Rezeptionszeiten Check In\/ Check Out Zimmerreinigung Fr\u00fchst\u00fcck Maxibar Sport Food &amp; Drinks Nachhaltigkeit Unsere Rezeption ist Montag bis Freitag von 7-21 Uhr ge\u00f6ffnet.Am Wochenende und an Feiertagen sind wir von 8-16 Uhr f\u00fcr euch da. Au\u00dferhalb der Rezeptionszeiten kannst du uns jederzeit unter unserer Hotelnummer erreichen. Check-In ist ab 14 Uhr m\u00f6glich. [&hellip;]<\/p>","protected":false},"author":1,"featured_media":0,"parent":0,"menu_order":0,"comment_status":"closed","ping_status":"closed","template":"","meta":{"footnotes":""},"class_list":["post-1048","page","type-page","status-publish","hentry"],"_links":{"self":[{"href":"https:\/\/www.hotel-johann.berlin\/en\/wp-json\/wp\/v2\/pages\/1048","targetHints":{"allow":["GET"]}}],"collection":[{"href":"https:\/\/www.hotel-johann.berlin\/en\/wp-json\/wp\/v2\/pages"}],"about":[{"href":"https:\/\/www.hotel-johann.berlin\/en\/wp-json\/wp\/v2\/types\/page"}],"author":[{"embeddable":true,"href":"https:\/\/www.hotel-johann.berlin\/en\/wp-json\/wp\/v2\/users\/1"}],"replies":[{"embeddable":true,"href":"https:\/\/www.hotel-johann.berlin\/en\/wp-json\/wp\/v2\/comments?post=1048"}],"version-history":[{"count":165,"href":"https:\/\/www.hotel-johann.berlin\/en\/wp-json\/wp\/v2\/pages\/1048\/revisions"}],"predecessor-version":[{"id":2613,"href":"https:\/\/www.hotel-johann.berlin\/en\/wp-json\/wp\/v2\/pages\/1048\/revisions\/2613"}],"wp:attachment":[{"href":"https:\/\/www.hotel-johann.berlin\/en\/wp-json\/wp\/v2\/media?parent=1048"}],"curies":[{"name":"wp","href":"https:\/\/api.w.org\/{rel}","templated":true}]}}